{"id":1941,"date":"2019-02-27T03:55:30","date_gmt":"2019-02-27T03:55:30","guid":{"rendered":"http:\/\/www.innovacapitalsolutions.com\/?page_id=1941"},"modified":"2019-02-27T03:55:54","modified_gmt":"2019-02-27T03:55:54","slug":"email-disclaimer","status":"publish","type":"page","link":"https:\/\/www.innovacapitalsolutions.com\/es\/email-disclaimer\/","title":{"rendered":"Email disclaimer"},"content":{"rendered":"<p>Esta comunicaci\u00f3n de un miembro de Innova Capital Partners, LLC (ICP), y la informaci\u00f3n contenida en esta comunicaci\u00f3n, son confidenciales y est\u00e1n dirigidas \u00fanicamente a las personas o entidades mencionadas arriba y cualquier otra persona que haya sido espec\u00edficamente autorizada para recibirlo. Si no es el destinatario, no lea, copie, utilice o divulgue a otros el contenido de esta comunicaci\u00f3n. Por favor notifique al remitente que recibi\u00f3 este correo electr\u00f3nico por error respondiendo a este correo electr\u00f3nico. A continuaci\u00f3n, elimine el correo electr\u00f3nico de su sistema y cualquier copia del mismo. Ning\u00fan secreto o privilegio se renuncia o se pierde por cualquier error de transmisi\u00f3n. Usted acepta (i) mantener confidencial esta comunicaci\u00f3n, su contenido y cualquier informaci\u00f3n derivada por usted de la informaci\u00f3n contenida en esta comunicaci\u00f3n (colectivamente, \u00abInformaci\u00f3n Confidencial\u00bb) y no revelar dicha Informaci\u00f3n Confidencial a ninguna otra persona, (ii) No utilizar ninguna de la Informaci\u00f3n Confidencial con ning\u00fan otro prop\u00f3sito que no sea para evaluar la oportunidad mencionada en esta comunicaci\u00f3n, (iii) no copiar ninguna Informaci\u00f3n Confidencial sin el consentimiento previo de ICP. Ni el remitente ni ICP son un asesor de inversiones registrado o un corredor de bolsa registrado. Esta comunicaci\u00f3n no constituye una oferta de venta o una solicitud de una oferta para comprar cualquier inter\u00e9s en cualquier veh\u00edculo de inversi\u00f3n. ICP no proporciona asesoramiento fiscal, contable o legal a nuestros clientes, y se aconseja a todos los inversionistas consultar con sus asesores fiscales, contables o jur\u00eddicos sobre cualquier posible inversi\u00f3n. Su revisi\u00f3n de la oportunidad que se menciona en esta comunicaci\u00f3n y \/ o los materiales e informaci\u00f3n contenidos en esta comunicaci\u00f3n se considerar\u00e1 que constituye su consentimiento a las condiciones y sus compromisos establecidos anteriormente.<\/p>","protected":false},"excerpt":{"rendered":"<p>Esta comunicaci\u00f3n de un miembro de Innova Capital Partners, LLC (ICP), y la informaci\u00f3n contenida en esta comunicaci\u00f3n, son confidenciales y est\u00e1n dirigidas \u00fanicamente a las personas o entidades mencionadas arriba y cualquier otra persona que haya sido espec\u00edficamente autorizada para recibirlo. Si no es el destinatario, no lea, copie, utilice o divulgue a otros [&hellip;]<\/p>\n","protected":false},"author":1,"featured_media":0,"parent":0,"menu_order":0,"comment_status":"closed","ping_status":"closed","template":"","meta":{"footnotes":""},"class_list":["post-1941","page","type-page","status-publish","hentry"],"_links":{"self":[{"href":"https:\/\/www.innovacapitalsolutions.com\/es\/wp-json\/wp\/v2\/pages\/1941","targetHints":{"allow":["GET"]}}],"collection":[{"href":"https:\/\/www.innovacapitalsolutions.com\/es\/wp-json\/wp\/v2\/pages"}],"about":[{"href":"https:\/\/www.innovacapitalsolutions.com\/es\/wp-json\/wp\/v2\/types\/page"}],"author":[{"embeddable":true,"href":"https:\/\/www.innovacapitalsolutions.com\/es\/wp-json\/wp\/v2\/users\/1"}],"replies":[{"embeddable":true,"href":"https:\/\/www.innovacapitalsolutions.com\/es\/wp-json\/wp\/v2\/comments?post=1941"}],"version-history":[{"count":2,"href":"https:\/\/www.innovacapitalsolutions.com\/es\/wp-json\/wp\/v2\/pages\/1941\/revisions"}],"predecessor-version":[{"id":1946,"href":"https:\/\/www.innovacapitalsolutions.com\/es\/wp-json\/wp\/v2\/pages\/1941\/revisions\/1946"}],"wp:attachment":[{"href":"https:\/\/www.innovacapitalsolutions.com\/es\/wp-json\/wp\/v2\/media?parent=1941"}],"curies":[{"name":"wp","href":"https:\/\/api.w.org\/{rel}","templated":true}]}}